{"id":303,"date":"2022-11-08T09:43:34","date_gmt":"2022-11-08T09:43:34","guid":{"rendered":"https:\/\/wp602-standard.v383.ncsrv.de\/index.php\/agb\/"},"modified":"2023-03-10T18:48:02","modified_gmt":"2023-03-10T18:48:02","slug":"agb","status":"publish","type":"page","link":"https:\/\/goldschmiede.matejka.art\/index.php\/agb\/","title":{"rendered":"AGB"},"content":{"rendered":"<p>[et_pb_section fb_built=&#8220;1&#8243; fullwidth=&#8220;on&#8220; admin_label=&#8220;Header&#8220; _builder_version=&#8220;4.16&#8243; custom_padding=&#8220;0px|0|0px|0px|false|false&#8220; top_divider_style=&#8220;arrow3&#8243; top_divider_color=&#8220;rgba(255,255,255,0.3)&#8220; top_divider_height=&#8220;100%&#8220; top_divider_repeat=&#8220;2x&#8220; bottom_divider_color=&#8220;rgba(255,255,255,0.33)&#8220; bottom_divider_height=&#8220;500px&#8220; global_colors_info=&#8220;{}&#8220;][et_pb_fullwidth_header title=&#8220;AGB&#8220; subhead=&#8220;Rechtliches&#8220; text_orientation=&#8220;center&#8220; content_max_width=&#8220;70%&#8220; content_max_width_tablet=&#8220;100%&#8220; content_max_width_phone=&#8220;&#8220; content_max_width_last_edited=&#8220;on|phone&#8220; _builder_version=&#8220;4.20.2&#8243; title_font=&#8220;Cormorant Garamond|500|||||||&#8220; title_font_size=&#8220;5vw&#8220; title_line_height=&#8220;1.5em&#8220; content_font=&#8220;||||||||&#8220; subhead_font=&#8220;Poppins|700||on|||||&#8220; subhead_font_size=&#8220;16px&#8220; subhead_letter_spacing=&#8220;15px&#8220; subhead_line_height=&#8220;2em&#8220; background_color=&#8220;rgba(255,255,255,0)&#8220; background_image=&#8220;https:\/\/goldschmiede.matejka.art\/wp-content\/uploads\/2022\/11\/Shop-hero.jpg&#8220; parallax=&#8220;on&#8220; parallax_method=&#8220;on&#8220; custom_button_one=&#8220;on&#8220; button_one_text_size=&#8220;14px&#8220; button_one_text_color=&#8220;#000000&#8243; button_one_bg_color=&#8220;#ffffff&#8220; button_one_border_width=&#8220;14px&#8220; button_one_border_color=&#8220;#ffffff&#8220; button_one_border_radius=&#8220;0px&#8220; button_one_letter_spacing=&#8220;4px&#8220; button_one_font=&#8220;Poppins|500||on|||||&#8220; background_layout=&#8220;light&#8220; custom_margin=&#8220;||||false&#8220; custom_padding=&#8220;10vw||10vw||true&#8220; hover_enabled=&#8220;0&#8243; title_font_size_tablet=&#8220;40px&#8220; title_font_size_phone=&#8220;&#8220; title_font_size_last_edited=&#8220;on|desktop&#8220; subhead_font_size_tablet=&#8220;40px&#8220; subhead_font_size_last_edited=&#8220;off|desktop&#8220; subhead_letter_spacing_tablet=&#8220;&#8220; subhead_letter_spacing_phone=&#8220;0px&#8220; subhead_letter_spacing_last_edited=&#8220;on|phone&#8220; button_one_border_color_hover=&#8220;#ecd5c5&#8243; button_one_border_radius_hover=&#8220;0px&#8220; button_one_letter_spacing_hover=&#8220;4px&#8220; button_one_bg_color_hover=&#8220;#ecd5c5&#8243; global_colors_info=&#8220;{}&#8220; button_one_text_size__hover_enabled=&#8220;off&#8220; button_two_text_size__hover_enabled=&#8220;off&#8220; button_one_text_color__hover_enabled=&#8220;off&#8220; button_two_text_color__hover_enabled=&#8220;off&#8220; button_one_border_width__hover_enabled=&#8220;off&#8220; button_two_border_width__hover_enabled=&#8220;off&#8220; button_one_border_color__hover_enabled=&#8220;on&#8220; button_one_border_color__hover=&#8220;#ecd5c5&#8243; button_two_border_color__hover_enabled=&#8220;off&#8220; button_one_border_radius__hover_enabled=&#8220;on&#8220; button_one_border_radius__hover=&#8220;0px&#8220; button_two_border_radius__hover_enabled=&#8220;off&#8220; button_one_letter_spacing__hover_enabled=&#8220;on&#8220; button_one_letter_spacing__hover=&#8220;4px&#8220; button_two_letter_spacing__hover_enabled=&#8220;off&#8220; button_one_bg_color__hover_enabled=&#8220;on&#8220; button_one_bg_color__hover=&#8220;#ecd5c5&#8243; button_two_bg_color__hover_enabled=&#8220;off&#8220; sticky_enabled=&#8220;0&#8243;][\/et_pb_fullwidth_header][\/et_pb_section][et_pb_section fb_built=&#8220;1&#8243; _builder_version=&#8220;4.19.4&#8243; _module_preset=&#8220;default&#8220; global_colors_info=&#8220;{}&#8220;][et_pb_row _builder_version=&#8220;4.19.4&#8243; _module_preset=&#8220;default&#8220; global_colors_info=&#8220;{}&#8220;][et_pb_column type=&#8220;4_4&#8243; _builder_version=&#8220;4.19.4&#8243; _module_preset=&#8220;default&#8220; global_colors_info=&#8220;{}&#8220;][et_pb_text _builder_version=&#8220;4.20.2&#8243; _module_preset=&#8220;default&#8220; hover_enabled=&#8220;0&#8243; global_colors_info=&#8220;{}&#8220; sticky_enabled=&#8220;0&#8243;]<\/p>\n<h1>AGB Webshop<\/h1>\n<p><strong>Allgemeine Gesch\u00e4ftsbedingungen<\/strong><\/p>\n<ul>\n<li><strong>Geltungsbereich<br \/><\/strong>F\u00fcr alle Lieferungen von Adrian Matejka Goldschmiede Matejka (nachfolgend Goldschmiede Matejka) an Verbraucher gelten diese Allgemeinen Gesch\u00e4ftsbedingungen (AGB).<br \/>Verbraucher ist jede nat\u00fcrliche Person, die ein Rechtsgesch\u00e4ft zu einem Zwecke abschlie\u00dft, der \u00fcberwiegend weder ihrer gewerblichen noch ihrer selbstst\u00e4ndigen beruflichen T\u00e4tigkeit zugerechnet werden kann.<\/li>\n<li><strong>Vertragspartner<br \/><\/strong>Betreiber von www.goldschmiede.matejka.art und Ihr Vertragspartner ist<\/li>\n<\/ul>\n<p>Goldschmiede Matejka, Adrian Matejka<\/p>\n<p>Inhaber: Adrian Matejka<\/p>\n<p>Imkerweg 7<\/p>\n<p>29649 Wietzendorf<\/p>\n<p>Umsatzsteuer-ID: 90323475186<\/p>\n<p>F\u00fcr Online-Warenbestellungen \u00fcber die Internetseite goldschmiede.matejka.art gelten ausschlie\u00dflich die nachfolgenden Allgemeinen Gesch\u00e4ftsbedingungen<\/p>\n<p>Soweit nicht anders vereinbart, wird der Einbeziehung gegebenenfalls von Ihnen verwendeter eigener Bedingungen widersprochen.<\/p>\n<p>Es gilt die jeweils zum Zeitpunkt der Bestellung g\u00fcltige Fassung dieser AGB.<\/p>\n<ul>\n<li><strong>Vertragsschluss<\/strong><\/li>\n<ul>\n<li>Die Darstellung der Produkte im Online-Shop stellt kein rechtlich bindendes Angebot, sondern nur eine Aufforderung zur Bestellung dar.<\/li>\n<li>Durch Anklicken des Buttons [Kaufen\/kostenpflichtig bestellen] geben Sie eine verbindliche Bestellung der auf der Bestellseite aufgelisteten Waren ab. Ihr Kaufvertrag kommt zustande, wenn wir Ihre Bestellung durch eine Auftragsbest\u00e4tigung per E-Mail bis zum n\u00e4chsten Werktag nach dem Erhalt Ihrer Bestellung annehmen.<\/li>\n<\/ul>\n<li><strong>Widerrufsrecht<\/strong><\/li>\n<ul>\n<li>Wenn Sie Verbraucher sind (also eine nat\u00fcrliche Person, die die Bestellung zu einem Zweck abgibt, der weder Ihrer gewerblichen oder selbst\u00e4ndigen beruflichen T\u00e4tigkeit zugerechnet werden kann), steht Ihnen nach Ma\u00dfgabe der gesetzlichen Bestimmungen ein Widerrufsrecht zu.<\/li>\n<li>Machen Sie als Verbraucher von Ihrem Widerrufsrecht Gebrauch, so haben Sie die regelm\u00e4\u00dfigen Kosten der R\u00fccksendung zu tragen.<\/li>\n<li>Im \u00dcbrigen gelten f\u00fcr das Widerrufsrecht die Regelungen, die im Einzelnen wiedergegeben sind in der folgenden <strong><strong>Widerrufsbelehrung<\/strong><\/strong><\/li>\n<li>Widerrufsrecht Sie haben das Recht, binnen vierzehn Tagen ohne Angabe von Gr\u00fcnden diesen Vertrag zu widerrufen.<strong>Die Widerrufsfrist betr\u00e4gt vierzehn Tage ab dem Tag an dem Sie oder ein von Ihnen benannter Dritter, der nicht der Bef\u00f6rderer ist, die Waren in Besitz genommen haben bzw. hat.<\/strong>\n<p><strong>Um Ihr Widerrufsrecht auszu\u00fcben, m\u00fcssen Sie mir (Adrian Matejka Goldschmiede Matejka, Imkerweg 7, 29649 Wietzendorf, Telefon: 0160 98042344 <\/strong><strong>, E-Mail: shop@matejka.art<\/strong><strong>) mittels einer eindeutigen Erkl\u00e4rung (z.B. ein mit der Post versandter Brief oder eine E-Mail) \u00fcber Ihren Entschluss, diesen Vertrag zu widerrufen, informieren. Sie k\u00f6nnen daf\u00fcr das beigef\u00fcgte Muster-Widerrufsformular verwenden, das jedoch nicht vorgeschrieben ist. Sie k\u00f6nnen das Muster- Widerrufsformular oder eine andere eindeutige Erkl\u00e4rung auch auf unserer Webseite (goldschmiede.matejka.art) elektronisch ausf\u00fcllen und \u00fcbermitteln. Machen Sie von dieser M\u00f6glichkeit Gebrauch, so werden wir Ihnen unverz\u00fcglich (z.B. per E-Mail) eine Best\u00e4tigung \u00fcber den Eingang eines solchen Widerrufs \u00fcbermitteln.<\/strong><\/p>\n<p><strong>Zur Wahrung der Widerrufsfrist reicht es aus, dass Sie die Mitteilung \u00fcber die Aus\u00fcbung des Widerrufsrechts vor Ablauf der Widerrufsfrist absenden.<\/strong><\/p>\n<p><strong>Folgen des Widerrufs<\/strong><\/p>\n<p><strong>Wenn Sie diesen Vertrag widerrufen, haben wir Ihnen alle Zahlungen, die wir von Ihnen erhalten haben, einschlie\u00dflich der Lieferkosten (mit Ausnahme der zus\u00e4tzlichen Kosten, die sich daraus ergeben, dass Sie eine andere Art der Lieferung als die von uns angebotene, g\u00fcnstigste Standardlieferung gew\u00e4hlt haben), unverz\u00fcglich und sp\u00e4testens binnen vierzehn Tagen ab dem Tag zur\u00fcckzuzahlen, an dem die Mitteilung \u00fcber Ihren Widerruf dieses Vertrags bei uns eingegangen ist. F\u00fcr diese R\u00fcckzahlung verwenden wir dasselbe Zahlungsmittel, das Sie bei der urspr\u00fcnglichen Transaktion eingesetzt haben, es sei denn, mit Ihnen wurde ausdr\u00fccklich etwas anderes vereinbart; in keinem Fall werden Ihnen wegen dieser R\u00fcckzahlung Entgelte berechnet. Wir k\u00f6nnen die R\u00fcckzahlung verweigern, bis wir die Waren wieder zur\u00fcckerhalten haben oder bis Sie den Nachweis erbracht haben, dass Sie die Waren zur\u00fcckgesandt haben, je nachdem, welches der fr\u00fchere Zeitpunkt ist.<\/strong><\/p>\n<p><strong>Sie haben die Waren unverz\u00fcglich und in jedem Fall sp\u00e4testens binnen vierzehn Tagen ab dem Tag, an dem Sie uns \u00fcber den Widerruf dieses Vertrages unterrichten, an uns zur\u00fcckzusenden oder zu \u00fcbergeben. Die Frist ist gewahrt, wenn Sie die Waren vor Ablauf der Frist von vierzehn Tagen absenden.<\/strong><\/p>\n<p><strong>Sie tragen die unmittelbaren Kosten der R\u00fccksendung der Waren.<\/strong><\/p>\n<p><strong>Sie m\u00fcssen f\u00fcr einen etwaigen Wertverlust der Waren nur aufkommen, wenn dieser Wertverlust auf einen zur Pr\u00fcfung der Beschaffenheit, Eigenschaften und Funktionsweise der Waren nicht notwendigen Umgang mit ihnen zur\u00fcckzuf\u00fchren ist.<\/strong><\/p>\n<p><strong>&#8211; Ende der Widerrufsbelehrung\u00a0<\/strong><\/p>\n<\/li>\n<li>Ausschluss und vorzeitiges Erl\u00f6schen des Widerrufsrechts<br \/>Das Widerrufsrecht besteht nicht bei Vertr\u00e4gen zur Lieferung von Waren die nicht vorgefertigt sind und f\u00fcr deren Herstellung eine individuelle Auswahl oder Bestimmung durch den Verbraucher ma\u00dfgeblich ist oder die eindeutig auf die pers\u00f6nlichen Bed\u00fcrfnisse des Verbrauchers zugeschnitten sind.<br \/>Das Widerrufsrecht erlischt vorzeitig bei Vertr\u00e4gen zur Lieferung von Waren, wenn diese nach der Lieferung aufgrund ihrer Beschaffenheit untrennbar mit anderen G\u00fctern vermischt wurden.<strong><\/strong><\/li>\n<\/ul>\n<li><strong>Preise <\/strong><\/li>\n<ul>\n<li>Die auf den Produktseiten genannten Preise enthalten die gesetzliche Mehrwertsteuer und sonstige Preisbestandteile.<\/li>\n<li>Es gelten die Preise zum Zeitpunkt der Bestellung.<\/li>\n<li>Aktionsangebote k\u00f6nnen zeitlich oder mengenm\u00e4\u00dfig begrenzt sein. Einzelheiten dazu stehen auf der Produktseite.<\/li>\n<li>Die Preise auf www.goldschmiede.matejka.art k\u00f6nnen von den Preisen in unserer Filiale oder bei anderen Verkaufsgelegenheiten abweichen.<\/li>\n<\/ul>\n<li><strong>Versand <\/strong><\/li>\n<ul>\n<li>Online gekaufte Waren sollen grunds\u00e4tzlich in der Gesch\u00e4ftsstelle von Adrian Matejka (Imkerweg 7 in 29649 Wietzendorf) abgeholt werden. Der Termin zur Abholung muss vorher vereinbart werden.<\/li>\n<li>Ein Versand erfolgt ausschlie\u00dflich innerhalb Deutschlands<\/li>\n<li>Nicht pers\u00f6nlich abgeholte Artikel werden gesch\u00fctzt und mit nachverfolgbarer Sendungsnummer versendet. Versandt wird vorzugsweise per Einwurfeinschreiben der Deutschen Post. Aufgegeben wird die Sendung innerhalb der n\u00e4chsten drei Werktage nach Erhalt der vollst\u00e4ndigen Zahlung beziehungsweise wie in der Autragsbest\u00e4tigung beschrieben.<\/li>\n<li>Die Bearbeitungszeit bis zur Absendung betr\u00e4gt f\u00fcr vorr\u00e4tige Artikel bis zu drei Werktage. Auf eventuell abweichende Lieferzeiten weisen wir auf der jeweiligen Produktseite hin.<\/li>\n<\/ul>\n<\/ul>\n<ul>\n<li>Der Versand und die Verpackung sind bei Vorkasse kostenfrei. es sei denn, der K\u00e4ufer w\u00e4hlt eine andere Lieferart als die oben beschriebene, dann fallen Kosten, wie in der Auftragsbest\u00e4tigung beschrieben, an.<\/li>\n<li>Aufgegeben wird die Sendung bei der Zahlungsmethode per Nachnahme wie in der Auftragsbest\u00e4tigung beschrieben. Hier entstehen f\u00fcr den K\u00e4ufer zus\u00e4tzliche Kosten f\u00fcr die Zahlungsmethode per Nachnahme in H\u00f6he von 20\u20ac.<\/li>\n<li>Der K\u00e4ufer sollte die Ware bei Lieferung umgehend auf Vollst\u00e4ndigkeit, offensichtliche M\u00e4ngel und Transportsch\u00e4den \u00fcberpr\u00fcfen und uns diese schnellstm\u00f6glich mitteilen. Kommt der Kunde dem nicht nach, hat dies keine Auswirkung auf seine gesetzlichen Gew\u00e4hrleistungsanspr\u00fcche.<\/li>\n<\/ul>\n<ul>\n<li><strong>Zahlung<\/strong><\/li>\n<ul>\n<li>Die Zahlung erfolgt wahlweise per Vorkasse, PayPal oder Nachnahme.<\/li>\n<li>Bei Auswahl der Zahlungsart Vorkasse nennen wir Ihnen unsere Bankverbindung in der Auftragsbest\u00e4tigung und liefern die Ware nach Zahlungseingang. Diese Zahlungsmethode Vorkasse wird empfohlen, da hier keine weiteren Zusatzkosten entstehen.<\/li>\n<li>Bei Zahlung via PayPal wird zus\u00e4tzlich eine Geb\u00fchr in H\u00f6he von 3% des Verkaufswertes mindestens aber 5,- \u20ac Euro f\u00e4llig.<\/li>\n<li>Bei Zahlung per Nachnahme wird zus\u00e4tzlich eine Geb\u00fchr in H\u00f6he von 20 Euro f\u00e4llig, die der Zusteller vor Ort erhebt. Weitere Steuern oder Kosten fallen nicht an.<\/li>\n<\/ul>\n<li><strong>Elektronische Kommunikation <\/strong><\/li>\n<ul>\n<li>K\u00e4ufer und Verk\u00e4ufer sind sich dar\u00fcber einig, dass die vertragsbezogenen Kommunikation in elektronischer Form (beispielsweise per E-Mail) erfolgen kann.<\/li>\n<\/ul>\n<li><strong>Eigentumsvorbehalt<\/strong><\/li>\n<ul>\n<li>Bis zur vollst\u00e4ndigen Zahlung bleibt die Ware unser Eigentum.<\/li>\n<\/ul>\n<li><strong>Urheberrecht<\/strong><\/li>\n<ul>\n<li>S\u00e4mtliche Bildrechte liegen bei den jeweiligen Rechteinhabern. Eine Verwendung ohne ausdr\u00fcckliche schriftliche Zustimmung ist nicht gestattet.<\/li>\n<\/ul>\n<\/ul>\n<ul>\n<li><strong>Haftungsausschluss<\/strong><\/li>\n<ul>\n<li>Soweit unser Angebot Links zu externen Webseiten Dritter enth\u00e4lt, haben wir auf deren Inhalt und Gestaltung keinen Einfluss. F\u00fcr diese fremden Inhalte k\u00f6nnen wir keine Gew\u00e4hr \u00fcbernehmen und distanzieren uns ausdr\u00fccklich von allen Inhalten Dritter auf allen verlinkten Seiten. F\u00fcr die Inhalte der verlinkten Seiten ist stets der jeweilige Anbieter oder Betreiber der Seiten verantwortlich.<\/li>\n<\/ul>\n<\/ul>\n<ul>\n<li><strong> <\/strong><strong>Erf\u00fcllungsort und Gerichtsstand<\/strong>\n<ul>\n<li>Es gilt ausschlie\u00dflich deutsches Recht unter Ausschluss des UN-Kaufrechts.<\/li>\n<li>F\u00fcr den Fall, dass die im Klageweg in Anspruch zu nehmende <a href=\"https:\/\/juristi.club\/juristikon\/entry\/705-partei\/\">Partei<\/a> nach <a href=\"https:\/\/juristi.club\/juristikon\/entry\/403-vertragsschluss\/?synonym=236\">Vertragsschluss<\/a> ihren Wohnsitz oder gew\u00f6hnlichen Aufenthaltsort aus dem Geltungsbereich dieses Gesetzes verlegt oder ihr Wohnsitz oder gew\u00f6hnlicher Aufenthalt im Zeitpunkt der Klageerhebung nicht bekannt ist, wird als ausschlie\u00dflicher Gerichtsstand der Sitz von Adrian Matejka vereinbart.<\/li>\n<\/ul>\n<\/li>\n<\/ul>\n<ul>\n<li><strong>Streitbeilegung<\/strong><\/li>\n<ul>\n<li>Die EU-Kommission hat eine Internetplattform zur Online-Beilegung von Streitigkeiten geschaffen. Die Plattform dient als Anlaufstelle zur au\u00dfergerichtlichen Beilegung von Streitigkeiten betreffend vertragliche Verpflichtungen, die aus Online-Kaufvertr\u00e4gen erwachsen. N\u00e4here Informationen sind unter dem folgenden Link verf\u00fcgbar: http:\/\/ec.europa.eu\/consumers\/odr. Zur Teilnahme an einem Streitbeilegungsverfahren vor einer Verbraucherschlichtungsstelle sind wir weder bereit noch verpflichtet.<\/li>\n<\/ul>\n<\/ul>\n<p>&nbsp;<\/p>\n<p>[\/et_pb_text][et_pb_text _builder_version=&#8220;4.16&#8243; _module_preset=&#8220;default&#8220; background_size=&#8220;initial&#8220; background_position=&#8220;top_left&#8220; background_repeat=&#8220;repeat&#8220; global_colors_info=&#8220;{}&#8220;]<\/p>\n<div class=\"woocommerce woocommerce-gzd woocommerce-gzd-complaints-shortcode\">\n\t\t\t<h3>Alternative Streitbeilegung gem\u00e4\u00df Art. 14 Abs. 1 ODR-VO und \u00a7 36 VSBG:<\/h3>\n\t\n<p>Die Europ\u00e4ische Kommission stellt eine Plattform zur Online-Streitbeilegung (OS) bereit, welche Sie unter <a href=\"https:\/\/ec.europa.eu\/consumers\/odr\" target=\"_blank\">https:\/\/ec.europa.eu\/consumers\/odr<\/a> finden. Zur Teilnahme an einem Streitbeilegungsverfahren vor einer Verbraucherschlichtungsstelle sind wir nicht verpflichtet und nicht bereit.<\/p>\n<\/div>\n<p>[\/et_pb_text][\/et_pb_column][\/et_pb_row][\/et_pb_section][et_pb_section fb_built=&#8220;1&#8243; admin_label=&#8220;Subscribe&#8220; _builder_version=&#8220;4.16&#8243; background_image=&#8220;https:\/\/goldschmiede.matejka.art\/wp-content\/uploads\/2022\/11\/jeweler03.jpg&#8220; custom_padding=&#8220;100px|0px|100px|0px|true|false&#8220; saved_tabs=&#8220;all&#8220; global_colors_info=&#8220;{}&#8220;][et_pb_row column_structure=&#8220;1_4,1_2,1_4&#8243; use_custom_gutter=&#8220;on&#8220; admin_label=&#8220;Subscribe Row&#8220; module_class=&#8220; et_pb_row_fullwidth&#8220; _builder_version=&#8220;4.16&#8243; width=&#8220;89%&#8220; width_tablet=&#8220;80%&#8220; width_phone=&#8220;80%&#8220; width_last_edited=&#8220;on|desktop&#8220; max_width=&#8220;89%&#8220; max_width_tablet=&#8220;80%&#8220; max_width_phone=&#8220;80%&#8220; max_width_last_edited=&#8220;on|desktop&#8220; make_fullwidth=&#8220;on&#8220; global_colors_info=&#8220;{}&#8220;][et_pb_column type=&#8220;1_4&#8243; _builder_version=&#8220;4.16&#8243; custom_padding=&#8220;|||&#8220; global_colors_info=&#8220;{}&#8220; custom_padding__hover=&#8220;|||&#8220;][\/et_pb_column][et_pb_column type=&#8220;1_2&#8243; _builder_version=&#8220;4.16&#8243; custom_padding=&#8220;|||&#8220; global_colors_info=&#8220;{}&#8220; custom_padding__hover=&#8220;|||&#8220;][et_pb_social_media_follow disabled_on=&#8220;on|on|on&#8220; _builder_version=&#8220;4.20.0&#8243; text_orientation=&#8220;center&#8220; border_radii=&#8220;on|0px|0px|0px|0px&#8220; disabled=&#8220;on&#8220; global_colors_info=&#8220;{}&#8220;][et_pb_social_media_follow_network social_network=&#8220;facebook&#8220; _builder_version=&#8220;4.16&#8243; background_color=&#8220;#c4beb9&#8243; custom_margin=&#8220;|6px||6px|false|true&#8220; custom_padding=&#8220;10px|10px|10px|10px|true|true&#8220; border_radii=&#8220;on|0px|0px|0px|0px&#8220; global_colors_info=&#8220;{}&#8220; follow_button=&#8220;off&#8220; url_new_window=&#8220;on&#8220;]facebook[\/et_pb_social_media_follow_network][et_pb_social_media_follow_network social_network=&#8220;pinterest&#8220; _builder_version=&#8220;4.16&#8243; background_color=&#8220;#c4beb9&#8243; custom_margin=&#8220;|6px||6px|false|true&#8220; custom_padding=&#8220;10px|10px|10px|10px|true|true&#8220; border_radii=&#8220;on|0px|0px|0px|0px&#8220; global_colors_info=&#8220;{}&#8220; follow_button=&#8220;off&#8220; url_new_window=&#8220;on&#8220;]pinterest[\/et_pb_social_media_follow_network][et_pb_social_media_follow_network social_network=&#8220;instagram&#8220; _builder_version=&#8220;4.16&#8243; background_color=&#8220;#c4beb9&#8243; custom_margin=&#8220;|6px||6px|false|true&#8220; custom_padding=&#8220;10px|10px|10px|10px|true|true&#8220; border_radii=&#8220;on|0px|0px|0px|0px&#8220; global_colors_info=&#8220;{}&#8220; follow_button=&#8220;off&#8220; url_new_window=&#8220;on&#8220;]instagram[\/et_pb_social_media_follow_network][\/et_pb_social_media_follow][\/et_pb_column][et_pb_column type=&#8220;1_4&#8243; _builder_version=&#8220;4.16&#8243; custom_padding=&#8220;|||&#8220; global_colors_info=&#8220;{}&#8220; custom_padding__hover=&#8220;|||&#8220;][\/et_pb_column][\/et_pb_row][\/et_pb_section]<\/p>\n","protected":false},"excerpt":{"rendered":"<p>AGB Webshop Allgemeine Gesch\u00e4ftsbedingungen GeltungsbereichF\u00fcr alle Lieferungen von Adrian Matejka Goldschmiede Matejka (nachfolgend Goldschmiede Matejka) an Verbraucher gelten diese Allgemeinen Gesch\u00e4ftsbedingungen (AGB).Verbraucher ist jede nat\u00fcrliche Person, die ein Rechtsgesch\u00e4ft zu einem Zwecke abschlie\u00dft, der \u00fcberwiegend weder ihrer gewerblichen noch ihrer selbstst\u00e4ndigen beruflichen T\u00e4tigkeit zugerechnet werden kann. VertragspartnerBetreiber von www.goldschmiede.matejka.art und Ihr Vertragspartner ist Goldschmiede Matejka, [&hellip;]<\/p>\n","protected":false},"author":1,"featured_media":0,"parent":0,"menu_order":0,"comment_status":"closed","ping_status":"closed","template":"","meta":{"_et_pb_use_builder":"on","_et_pb_old_content":"","_et_gb_content_width":"","footnotes":""},"class_list":["post-303","page","type-page","status-publish","hentry"],"_links":{"self":[{"href":"https:\/\/goldschmiede.matejka.art\/index.php\/wp-json\/wp\/v2\/pages\/303","targetHints":{"allow":["GET"]}}],"collection":[{"href":"https:\/\/goldschmiede.matejka.art\/index.php\/wp-json\/wp\/v2\/pages"}],"about":[{"href":"https:\/\/goldschmiede.matejka.art\/index.php\/wp-json\/wp\/v2\/types\/page"}],"author":[{"embeddable":true,"href":"https:\/\/goldschmiede.matejka.art\/index.php\/wp-json\/wp\/v2\/users\/1"}],"replies":[{"embeddable":true,"href":"https:\/\/goldschmiede.matejka.art\/index.php\/wp-json\/wp\/v2\/comments?post=303"}],"version-history":[{"count":20,"href":"https:\/\/goldschmiede.matejka.art\/index.php\/wp-json\/wp\/v2\/pages\/303\/revisions"}],"predecessor-version":[{"id":972,"href":"https:\/\/goldschmiede.matejka.art\/index.php\/wp-json\/wp\/v2\/pages\/303\/revisions\/972"}],"wp:attachment":[{"href":"https:\/\/goldschmiede.matejka.art\/index.php\/wp-json\/wp\/v2\/media?parent=303"}],"curies":[{"name":"wp","href":"https:\/\/api.w.org\/{rel}","templated":true}]}}