{"id":816,"date":"2023-02-12T18:56:36","date_gmt":"2023-02-12T18:56:36","guid":{"rendered":"https:\/\/adrianmatejka.webdesign-schwaben.de\/?post_type=product&#038;p=816"},"modified":"2023-02-28T14:08:54","modified_gmt":"2023-02-28T14:08:54","slug":"art-osag925301","status":"publish","type":"product","link":"https:\/\/goldschmiede.matejka.art\/index.php\/produkt\/art-osag925301\/","title":{"rendered":"ART: OSAG925301"},"content":{"rendered":"","protected":false},"excerpt":{"rendered":"<p>ART: OSAG925301<\/p>\n<p>Perlohr\u00e4hnger paarweise aus 925 Sterlingsilber mit je einer h\u00e4ngenden S\u00fc\u00dfwasser-Zuchtperle<\/p>\n","protected":false},"featured_media":821,"template":"","meta":{"_et_pb_use_builder":"","_et_pb_old_content":"","_et_gb_content_width":""},"product_cat":[69],"product_tag":[88,87],"class_list":{"0":"post-816","1":"product","2":"type-product","3":"status-publish","4":"has-post-thumbnail","6":"product_cat-ohrringe","7":"product_tag-anhaenger","8":"product_tag-kette","10":"first","11":"instock","12":"taxable","13":"shipping-taxable","14":"purchasable","15":"product-type-simple"},"_links":{"self":[{"href":"https:\/\/goldschmiede.matejka.art\/index.php\/wp-json\/wp\/v2\/product\/816","targetHints":{"allow":["GET"]}}],"collection":[{"href":"https:\/\/goldschmiede.matejka.art\/index.php\/wp-json\/wp\/v2\/product"}],"about":[{"href":"https:\/\/goldschmiede.matejka.art\/index.php\/wp-json\/wp\/v2\/types\/product"}],"wp:featuredmedia":[{"embeddable":true,"href":"https:\/\/goldschmiede.matejka.art\/index.php\/wp-json\/wp\/v2\/media\/821"}],"wp:attachment":[{"href":"https:\/\/goldschmiede.matejka.art\/index.php\/wp-json\/wp\/v2\/media?parent=816"}],"wp:term":[{"taxonomy":"product_cat","embeddable":true,"href":"https:\/\/goldschmiede.matejka.art\/index.php\/wp-json\/wp\/v2\/product_cat?post=816"},{"taxonomy":"product_tag","embeddable":true,"href":"https:\/\/goldschmiede.matejka.art\/index.php\/wp-json\/wp\/v2\/product_tag?post=816"}],"curies":[{"name":"wp","href":"https:\/\/api.w.org\/{rel}","templated":true}]}}